{"id":2933,"date":"2017-11-06T15:35:45","date_gmt":"2017-11-06T14:35:45","guid":{"rendered":"https:\/\/www.celesta-schiedmayer.de\/?page_id=2933"},"modified":"2017-11-28T13:27:12","modified_gmt":"2017-11-28T12:27:12","slug":"publications","status":"publish","type":"page","link":"https:\/\/www.celesta-schiedmayer.de\/en\/foundation\/publications\/","title":{"rendered":"Publications"},"content":{"rendered":"<section  class='av_textblock_section av-av_textblock-396ddf1f42196ca838231e61a4602801 '   itemscope=\"itemscope\" itemtype=\"https:\/\/schema.org\/CreativeWork\" ><div class='avia_textblock'  itemprop=\"text\" ><h2>Die Instrumentensammlung Schiedmayer (The Schiedmayer Instrument Collection)<\/h2>\n<p>by J\u00f6rg B\u00fcchler &#8211; institute of musicology | Eberhard Karls Universit\u00e4t T\u00fcbingen (Germany)<\/p>\n<p><strong><span style=\"color: #ff0000;\"><a href=\"http:\/\/noetzel-verlag.de\/index.php?id=28\" target=\"_blank\" rel=\"noopener\"><span style=\"color: #ff0000;\">Florian Noetzel Verlage<\/span><\/a><\/span><\/strong><\/p>\n<\/div><\/section>\n\n<style type=\"text\/css\" data-created_by=\"avia_inline_auto\" id=\"style-css-av-av_one_half-6126cab7d8fab8d08143dd2dacdf673c\">\n.flex_column.av-av_one_half-6126cab7d8fab8d08143dd2dacdf673c{\nborder-radius:0px 0px 0px 0px;\npadding:0px 0px 0px 0px;\n}\n<\/style>\n<div  class='flex_column av-av_one_half-6126cab7d8fab8d08143dd2dacdf673c av_one_half  avia-builder-el-1  el_after_av_textblock  el_before_av_one_half  first flex_column_div av-zero-column-padding  column-top-margin'     ><style type=\"text\/css\" data-created_by=\"avia_inline_auto\" id=\"style-css-av-av_image-c396df315fa7d17eb6ac41fa55707f85\">\n.avia-image-container.av-av_image-c396df315fa7d17eb6ac41fa55707f85 img.avia_image{\nbox-shadow:none;\n}\n.avia-image-container.av-av_image-c396df315fa7d17eb6ac41fa55707f85 .av-image-caption-overlay-center{\ncolor:#ffffff;\n}\n<\/style>\n<div  class='avia-image-container av-av_image-c396df315fa7d17eb6ac41fa55707f85 av-styling- avia-align-center  avia-builder-el-2  avia-builder-el-no-sibling '   itemprop=\"image\" itemscope=\"itemscope\" itemtype=\"https:\/\/schema.org\/ImageObject\" ><div class=\"avia-image-container-inner\"><div class=\"avia-image-overlay-wrap\"><img decoding=\"async\" fetchpriority=\"high\" class='wp-image-3105 avia-img-lazy-loading-not-3105 avia_image ' src=\"https:\/\/www.celesta-schiedmayer.de\/wp-content\/uploads\/2017\/11\/Cover-Quellenkatalog-J.-B\u00fcchler-225x300.jpg\" alt='' title='Cover Quellenkatalog J. B\u00fcchler'  height=\"300\" width=\"225\"  itemprop=\"thumbnailUrl\" srcset=\"https:\/\/www.celesta-schiedmayer.de\/wp-content\/uploads\/2017\/11\/Cover-Quellenkatalog-J.-B\u00fcchler-225x300.jpg 225w, https:\/\/www.celesta-schiedmayer.de\/wp-content\/uploads\/2017\/11\/Cover-Quellenkatalog-J.-B\u00fcchler-773x1030.jpg 773w, https:\/\/www.celesta-schiedmayer.de\/wp-content\/uploads\/2017\/11\/Cover-Quellenkatalog-J.-B\u00fcchler-1125x1500.jpg 1125w, https:\/\/www.celesta-schiedmayer.de\/wp-content\/uploads\/2017\/11\/Cover-Quellenkatalog-J.-B\u00fcchler-529x705.jpg 529w, https:\/\/www.celesta-schiedmayer.de\/wp-content\/uploads\/2017\/11\/Cover-Quellenkatalog-J.-B\u00fcchler-450x600.jpg 450w\" sizes=\"(max-width: 225px) 100vw, 225px\" \/><\/div><\/div><\/div><\/div>\n\n<style type=\"text\/css\" data-created_by=\"avia_inline_auto\" id=\"style-css-av-av_one_half-0aa7055fe62c3622faec82866afbaeb2\">\n.flex_column.av-av_one_half-0aa7055fe62c3622faec82866afbaeb2{\nborder-radius:0px 0px 0px 0px;\npadding:0px 0px 0px 0px;\n}\n<\/style>\n<div  class='flex_column av-av_one_half-0aa7055fe62c3622faec82866afbaeb2 av_one_half  avia-builder-el-3  el_after_av_one_half  avia-builder-el-last  flex_column_div av-zero-column-padding  column-top-margin'     ><style type=\"text\/css\" data-created_by=\"avia_inline_auto\" id=\"style-css-av-av_image-bd088ec17e85a710a5e56ba947a60720\">\n.avia-image-container.av-av_image-bd088ec17e85a710a5e56ba947a60720 img.avia_image{\nbox-shadow:none;\n}\n.avia-image-container.av-av_image-bd088ec17e85a710a5e56ba947a60720 .av-image-caption-overlay-center{\ncolor:#ffffff;\n}\n<\/style>\n<div  class='avia-image-container av-av_image-bd088ec17e85a710a5e56ba947a60720 av-styling- avia-align-center  avia-builder-el-4  avia-builder-el-no-sibling '   itemprop=\"image\" itemscope=\"itemscope\" itemtype=\"https:\/\/schema.org\/ImageObject\" ><div class=\"avia-image-container-inner\"><div class=\"avia-image-overlay-wrap\"><img decoding=\"async\" fetchpriority=\"high\" class='wp-image-3097 avia-img-lazy-loading-not-3097 avia_image ' src=\"https:\/\/www.celesta-schiedmayer.de\/wp-content\/uploads\/2017\/11\/Logo-Stiftung-Schiedmayer-final-klein-300x146.jpg\" alt='' title='Logo-Stiftung-Schiedmayer-final-klein'  height=\"146\" width=\"300\"  itemprop=\"thumbnailUrl\" srcset=\"https:\/\/www.celesta-schiedmayer.de\/wp-content\/uploads\/2017\/11\/Logo-Stiftung-Schiedmayer-final-klein-300x146.jpg 300w, https:\/\/www.celesta-schiedmayer.de\/wp-content\/uploads\/2017\/11\/Logo-Stiftung-Schiedmayer-final-klein-705x344.jpg 705w, https:\/\/www.celesta-schiedmayer.de\/wp-content\/uploads\/2017\/11\/Logo-Stiftung-Schiedmayer-final-klein-450x219.jpg 450w, https:\/\/www.celesta-schiedmayer.de\/wp-content\/uploads\/2017\/11\/Logo-Stiftung-Schiedmayer-final-klein.jpg 800w\" sizes=\"(max-width: 300px) 100vw, 300px\" \/><\/div><\/div><\/div><\/div>\n","protected":false},"excerpt":{"rendered":"","protected":false},"author":2,"featured_media":0,"parent":2919,"menu_order":4,"comment_status":"closed","ping_status":"closed","template":"","meta":{"footnotes":""},"class_list":["post-2933","page","type-page","status-publish","hentry"],"aioseo_notices":[],"_links":{"self":[{"href":"https:\/\/www.celesta-schiedmayer.de\/en\/wp-json\/wp\/v2\/pages\/2933","targetHints":{"allow":["GET"]}}],"collection":[{"href":"https:\/\/www.celesta-schiedmayer.de\/en\/wp-json\/wp\/v2\/pages"}],"about":[{"href":"https:\/\/www.celesta-schiedmayer.de\/en\/wp-json\/wp\/v2\/types\/page"}],"author":[{"embeddable":true,"href":"https:\/\/www.celesta-schiedmayer.de\/en\/wp-json\/wp\/v2\/users\/2"}],"replies":[{"embeddable":true,"href":"https:\/\/www.celesta-schiedmayer.de\/en\/wp-json\/wp\/v2\/comments?post=2933"}],"version-history":[{"count":0,"href":"https:\/\/www.celesta-schiedmayer.de\/en\/wp-json\/wp\/v2\/pages\/2933\/revisions"}],"up":[{"embeddable":true,"href":"https:\/\/www.celesta-schiedmayer.de\/en\/wp-json\/wp\/v2\/pages\/2919"}],"wp:attachment":[{"href":"https:\/\/www.celesta-schiedmayer.de\/en\/wp-json\/wp\/v2\/media?parent=2933"}],"curies":[{"name":"wp","href":"https:\/\/api.w.org\/{rel}","templated":true}]}}