{"id":1393,"date":"2016-05-10T16:02:16","date_gmt":"2016-05-10T14:02:16","guid":{"rendered":"https:\/\/www.celesta-schiedmayer.de\/en\/?page_id=1393"},"modified":"2016-05-10T16:08:08","modified_gmt":"2016-05-10T14:08:08","slug":"international-celesta-composition-competitions","status":"publish","type":"page","link":"https:\/\/www.celesta-schiedmayer.de\/en\/news-events\/international-celesta-composition-competitions\/","title":{"rendered":"Celesta competitions"},"content":{"rendered":"\n<style type=\"text\/css\" data-created_by=\"avia_inline_auto\" id=\"style-css-av-av_heading-cac290b91913e58603f578bd94672794\">\n#top .av-special-heading.av-av_heading-cac290b91913e58603f578bd94672794{\npadding-bottom:10px;\n}\nbody .av-special-heading.av-av_heading-cac290b91913e58603f578bd94672794 .av-special-heading-tag .heading-char{\nfont-size:25px;\n}\n.av-special-heading.av-av_heading-cac290b91913e58603f578bd94672794 .av-subheading{\nfont-size:15px;\n}\n<\/style>\n<div  class='av-special-heading av-av_heading-cac290b91913e58603f578bd94672794 av-special-heading-h1  avia-builder-el-0  el_before_av_heading  avia-builder-el-first '><h1 class='av-special-heading-tag '  itemprop=\"headline\"  >News <span class='special_amp'>&amp;<\/span> Events<\/h1><div class=\"special-heading-border\"><div class=\"special-heading-inner-border\"><\/div><\/div><\/div>\n\n<style type=\"text\/css\" data-created_by=\"avia_inline_auto\" id=\"style-css-av-av_heading-c42a06231205113aa64791f4019938a7\">\n#top .av-special-heading.av-av_heading-c42a06231205113aa64791f4019938a7{\npadding-bottom:10px;\n}\nbody .av-special-heading.av-av_heading-c42a06231205113aa64791f4019938a7 .av-special-heading-tag .heading-char{\nfont-size:25px;\n}\n.av-special-heading.av-av_heading-c42a06231205113aa64791f4019938a7 .av-subheading{\nfont-size:15px;\n}\n<\/style>\n<div  class='av-special-heading av-av_heading-c42a06231205113aa64791f4019938a7 av-special-heading-h3  avia-builder-el-1  el_after_av_heading  el_before_av_textblock '><h3 class='av-special-heading-tag '  itemprop=\"headline\"  >International Celesta composition competitions<\/h3><div class=\"special-heading-border\"><div class=\"special-heading-inner-border\"><\/div><\/div><\/div>\n<section  class='av_textblock_section av-av_textblock-0366cc7376be6c9e82a3e9cc8987b64f '   itemscope=\"itemscope\" itemtype=\"https:\/\/schema.org\/CreativeWork\" ><div class='avia_textblock'  itemprop=\"text\" ><p>An important focus of Schiedmayer activities in the service of music is conducting composition competitions for the instrument Celesta. The aim is to expand the repertoire for the celesta with original pieces and enrich creative. There have so far been organized and hosted a total of three competitions of this kind, and indeed in the years 1994, 1999 and 2009 respectively.<\/p>\n<\/div><\/section>\n\n<style type=\"text\/css\" data-created_by=\"avia_inline_auto\" id=\"style-css-av-av_hr-0688d0b0b6ed2f8b057db7a8270206df\">\n#top .hr.hr-invisible.av-av_hr-0688d0b0b6ed2f8b057db7a8270206df{\nheight:50px;\n}\n<\/style>\n<div  class='hr av-av_hr-0688d0b0b6ed2f8b057db7a8270206df hr-invisible  avia-builder-el-3  el_after_av_textblock  el_before_av_blog '><span class='hr-inner '><span class=\"hr-inner-style\"><\/span><\/span><\/div>\n<div  class='av-alb-blogposts template-blog  '  itemscope=\"itemscope\" itemtype=\"https:\/\/schema.org\/Blog\" ><article class=\"post-entry post-entry-type-standard post-entry-818 post-loop-1 post-parity-odd single-small with-slider post-818 post type-post status-publish format-standard has-post-thumbnail hentry category-international-celesta-composition-competitions\"  itemscope=\"itemscope\" itemtype=\"https:\/\/schema.org\/BlogPosting\" ><div class=\"blog-meta\"><a href='https:\/\/www.celesta-schiedmayer.de\/en\/international-celesta-composition-competitions\/2009\/' class='small-preview'  title=\"Celesta No 1\"   itemprop=\"image\" itemscope=\"itemscope\" itemtype=\"https:\/\/schema.org\/ImageObject\" ><img decoding=\"async\" loading=\"lazy\" width=\"180\" height=\"180\" src=\"https:\/\/www.celesta-schiedmayer.de\/wp-content\/uploads\/2016\/04\/celesta-no-1-180x180.jpg\" class=\"wp-image-658 avia-img-lazy-loading-658 attachment-square size-square wp-post-image\" alt=\"Celesta No 1\" srcset=\"https:\/\/www.celesta-schiedmayer.de\/wp-content\/uploads\/2016\/04\/celesta-no-1-180x180.jpg 180w, https:\/\/www.celesta-schiedmayer.de\/wp-content\/uploads\/2016\/04\/celesta-no-1-80x80.jpg 80w, https:\/\/www.celesta-schiedmayer.de\/wp-content\/uploads\/2016\/04\/celesta-no-1-36x36.jpg 36w, https:\/\/www.celesta-schiedmayer.de\/wp-content\/uploads\/2016\/04\/celesta-no-1-120x120.jpg 120w, https:\/\/www.celesta-schiedmayer.de\/wp-content\/uploads\/2016\/04\/celesta-no-1-450x450.jpg 450w\" sizes=\"auto, (max-width: 180px) 100vw, 180px\" \/><span class='iconfont avia-svg-icon avia-font-svg_entypo-fontello' data-av_svg_icon='pencil' data-av_iconset='svg_entypo-fontello' ><svg version=\"1.1\" xmlns=\"http:\/\/www.w3.org\/2000\/svg\" width=\"25\" height=\"32\" viewBox=\"0 0 25 32\" preserveAspectRatio=\"xMidYMid meet\" role=\"graphics-symbol\" aria-hidden=\"true\">\n<path d=\"M22.976 5.44q1.024 1.024 1.504 2.048t0.48 1.536v0.512l-8.064 8.064-9.28 9.216-7.616 1.664 1.6-7.68 9.28-9.216 8.064-8.064q1.728-0.384 4.032 1.92zM7.168 25.92l0.768-0.768q-0.064-1.408-1.664-3.008-0.704-0.704-1.44-1.12t-1.12-0.416l-0.448-0.064-0.704 0.768-0.576 2.56q0.896 0.512 1.472 1.088 0.768 0.768 1.152 1.536z\"><\/path>\n<\/svg><\/span><\/a><\/div><div class='entry-content-wrapper clearfix standard-content'><header class=\"entry-content-header\" aria-label=\"Post: 3. Composition Competition for Celesta\"><h2 class='post-title entry-title '  itemprop=\"headline\" ><a href=\"https:\/\/www.celesta-schiedmayer.de\/en\/international-celesta-composition-competitions\/2009\/\" rel=\"bookmark\" title=\"Permanent Link: 3. Composition Competition for Celesta\">3. Composition Competition for Celesta<span class=\"post-format-icon minor-meta\"><\/span><\/a><\/h2><span class=\"post-meta-infos\"><time class=\"date-container minor-meta updated\"  itemprop=\"datePublished\" datetime=\"2009-06-28T19:00:21+02:00\" >28. June 2009<\/time><span class=\"text-sep\">\/<\/span><span class=\"blog-categories minor-meta\">in <a href=\"https:\/\/www.celesta-schiedmayer.de\/en\/category\/international-celesta-composition-competitions\/\" rel=\"tag\">International Celesta composition competitions<\/a><\/span><span class=\"text-sep\">\/<\/span><span class=\"blog-author minor-meta\">by <span class=\"entry-author-link\"  itemprop=\"author\" ><span class=\"author\"><span class=\"fn\"><a href=\"https:\/\/www.celesta-schiedmayer.de\/en\/author\/schiedmayer\/\" title=\"Posts by Celesta Schiedmayer\" rel=\"author\">Celesta Schiedmayer<\/a><\/span><\/span><\/span><\/span><\/span><\/header><div class=\"entry-content\"  itemprop=\"text\" ><p>Die Preisverleihung fand im Rahmen des Festaktes\u00a0 anl\u00e4sslich des 200-j\u00e4hrigen Firmenjubil\u00e4um der Firma Schiedmayer am 28. Juni in der Hochschule f\u00fcr Musik und Darstellende Kunst Stuttgart statt.<\/p>\n<div class=\"read-more-link\"><a href=\"https:\/\/www.celesta-schiedmayer.de\/en\/international-celesta-composition-competitions\/2009\/\" class=\"more-link\">Read more<span class='more-link-arrow avia-svg-icon avia-font-svg_entypo-fontello' data-av_svg_icon='right-open-big' data-av_iconset='svg_entypo-fontello'><svg version=\"1.1\" xmlns=\"http:\/\/www.w3.org\/2000\/svg\" width=\"15\" height=\"32\" viewBox=\"0 0 15 32\" preserveAspectRatio=\"xMidYMid meet\" role=\"graphics-symbol\" aria-hidden=\"true\">\n<path d=\"M0.416 27.84l11.456-11.84-11.456-11.904q-0.832-0.832 0-1.536 0.832-0.832 1.536 0l12.544 12.608q0.768 0.832 0 1.6l-12.544 12.608q-0.704 0.832-1.536 0-0.832-0.704 0-1.536z\"><\/path>\n<\/svg><\/span><\/a><\/div>\n<\/div><footer class=\"entry-footer\"><\/footer><div class='post_delimiter'><\/div><\/div><div class=\"post_author_timeline\"><\/div><span class='hidden'>\n\t\t\t\t<span class='av-structured-data'  itemprop=\"image\" itemscope=\"itemscope\" itemtype=\"https:\/\/schema.org\/ImageObject\" >\n\t\t\t\t\t\t<span itemprop='url'>https:\/\/www.celesta-schiedmayer.de\/wp-content\/uploads\/2016\/04\/celesta-no-1.jpg<\/span>\n\t\t\t\t\t\t<span itemprop='height'>960<\/span>\n\t\t\t\t\t\t<span itemprop='width'>900<\/span>\n\t\t\t\t<\/span>\n\t\t\t\t<span class='av-structured-data'  itemprop=\"publisher\" itemtype=\"https:\/\/schema.org\/Organization\" itemscope=\"itemscope\" >\n\t\t\t\t\t\t<span itemprop='name'>Celesta Schiedmayer<\/span>\n\t\t\t\t\t\t<span itemprop='logo' itemscope itemtype='https:\/\/schema.org\/ImageObject'>\n\t\t\t\t\t\t\t<span itemprop='url'>https:\/\/www.celesta-schiedmayer.de\/wp-content\/uploads\/2016\/04\/logo-schiedmayer.png<\/span>\n\t\t\t\t\t\t<\/span>\n\t\t\t\t<\/span><span class='av-structured-data'  itemprop=\"author\" itemscope=\"itemscope\" itemtype=\"https:\/\/schema.org\/Person\" ><span itemprop='name'>Celesta Schiedmayer<\/span><\/span><span class='av-structured-data'  itemprop=\"datePublished\" datetime=\"2009-06-28T19:00:21+02:00\" >2009-06-28 19:00:21<\/span><span class='av-structured-data'  itemprop=\"dateModified\" itemtype=\"https:\/\/schema.org\/dateModified\" >2016-04-26 16:34:07<\/span><span class='av-structured-data'  itemprop=\"mainEntityOfPage\" itemtype=\"https:\/\/schema.org\/mainEntityOfPage\" ><span itemprop='name'>3. Composition Competition for Celesta<\/span><\/span><\/span><\/article><article class=\"post-entry post-entry-type-standard post-entry-810 post-loop-2 post-parity-even single-small with-slider post-810 post type-post status-publish format-standard has-post-thumbnail hentry category-international-celesta-composition-competitions\"  itemscope=\"itemscope\" itemtype=\"https:\/\/schema.org\/BlogPosting\" ><div class=\"blog-meta\"><a href='https:\/\/www.celesta-schiedmayer.de\/en\/international-celesta-composition-competitions\/1999\/' class='small-preview'  title=\"Celesta No 1\"   itemprop=\"image\" itemscope=\"itemscope\" itemtype=\"https:\/\/schema.org\/ImageObject\" ><img decoding=\"async\" loading=\"lazy\" width=\"180\" height=\"180\" src=\"https:\/\/www.celesta-schiedmayer.de\/wp-content\/uploads\/2016\/04\/celesta-no-1-180x180.jpg\" class=\"wp-image-658 avia-img-lazy-loading-658 attachment-square size-square wp-post-image\" alt=\"Celesta No 1\" srcset=\"https:\/\/www.celesta-schiedmayer.de\/wp-content\/uploads\/2016\/04\/celesta-no-1-180x180.jpg 180w, https:\/\/www.celesta-schiedmayer.de\/wp-content\/uploads\/2016\/04\/celesta-no-1-80x80.jpg 80w, https:\/\/www.celesta-schiedmayer.de\/wp-content\/uploads\/2016\/04\/celesta-no-1-36x36.jpg 36w, https:\/\/www.celesta-schiedmayer.de\/wp-content\/uploads\/2016\/04\/celesta-no-1-120x120.jpg 120w, https:\/\/www.celesta-schiedmayer.de\/wp-content\/uploads\/2016\/04\/celesta-no-1-450x450.jpg 450w\" sizes=\"auto, (max-width: 180px) 100vw, 180px\" \/><span class='iconfont avia-svg-icon avia-font-svg_entypo-fontello' data-av_svg_icon='pencil' data-av_iconset='svg_entypo-fontello' ><svg version=\"1.1\" xmlns=\"http:\/\/www.w3.org\/2000\/svg\" width=\"25\" height=\"32\" viewBox=\"0 0 25 32\" preserveAspectRatio=\"xMidYMid meet\" role=\"graphics-symbol\" aria-hidden=\"true\">\n<path d=\"M22.976 5.44q1.024 1.024 1.504 2.048t0.48 1.536v0.512l-8.064 8.064-9.28 9.216-7.616 1.664 1.6-7.68 9.28-9.216 8.064-8.064q1.728-0.384 4.032 1.92zM7.168 25.92l0.768-0.768q-0.064-1.408-1.664-3.008-0.704-0.704-1.44-1.12t-1.12-0.416l-0.448-0.064-0.704 0.768-0.576 2.56q0.896 0.512 1.472 1.088 0.768 0.768 1.152 1.536z\"><\/path>\n<\/svg><\/span><\/a><\/div><div class='entry-content-wrapper clearfix standard-content'><header class=\"entry-content-header\" aria-label=\"Post: 2. Composition Competition for Celesta\"><h2 class='post-title entry-title '  itemprop=\"headline\" ><a href=\"https:\/\/www.celesta-schiedmayer.de\/en\/international-celesta-composition-competitions\/1999\/\" rel=\"bookmark\" title=\"Permanent Link: 2. Composition Competition for Celesta\">2. Composition Competition for Celesta<span class=\"post-format-icon minor-meta\"><\/span><\/a><\/h2><span class=\"post-meta-infos\"><time class=\"date-container minor-meta updated\"  itemprop=\"datePublished\" datetime=\"1999-07-31T20:00:51+02:00\" >31. July 1999<\/time><span class=\"text-sep\">\/<\/span><span class=\"blog-categories minor-meta\">in <a href=\"https:\/\/www.celesta-schiedmayer.de\/en\/category\/international-celesta-composition-competitions\/\" rel=\"tag\">International Celesta composition competitions<\/a><\/span><span class=\"text-sep\">\/<\/span><span class=\"blog-author minor-meta\">by <span class=\"entry-author-link\"  itemprop=\"author\" ><span class=\"author\"><span class=\"fn\"><a href=\"https:\/\/www.celesta-schiedmayer.de\/en\/author\/schiedmayer\/\" title=\"Posts by Celesta Schiedmayer\" rel=\"author\">Celesta Schiedmayer<\/a><\/span><\/span><\/span><\/span><\/span><\/header><div class=\"entry-content\"  itemprop=\"text\" ><p>Dieser Wettbewerb fand in Rahmen der Festreihe Europ\u00e4ische Kirchenmusik Schw\u00e4bisch Gm\u00fcnd 1999 statt.<\/p>\n<div class=\"read-more-link\"><a href=\"https:\/\/www.celesta-schiedmayer.de\/en\/international-celesta-composition-competitions\/1999\/\" class=\"more-link\">Read more<span class='more-link-arrow avia-svg-icon avia-font-svg_entypo-fontello' data-av_svg_icon='right-open-big' data-av_iconset='svg_entypo-fontello'><svg version=\"1.1\" xmlns=\"http:\/\/www.w3.org\/2000\/svg\" width=\"15\" height=\"32\" viewBox=\"0 0 15 32\" preserveAspectRatio=\"xMidYMid meet\" role=\"graphics-symbol\" aria-hidden=\"true\">\n<path d=\"M0.416 27.84l11.456-11.84-11.456-11.904q-0.832-0.832 0-1.536 0.832-0.832 1.536 0l12.544 12.608q0.768 0.832 0 1.6l-12.544 12.608q-0.704 0.832-1.536 0-0.832-0.704 0-1.536z\"><\/path>\n<\/svg><\/span><\/a><\/div>\n<\/div><footer class=\"entry-footer\"><\/footer><div class='post_delimiter'><\/div><\/div><div class=\"post_author_timeline\"><\/div><span class='hidden'>\n\t\t\t\t<span class='av-structured-data'  itemprop=\"image\" itemscope=\"itemscope\" itemtype=\"https:\/\/schema.org\/ImageObject\" >\n\t\t\t\t\t\t<span itemprop='url'>https:\/\/www.celesta-schiedmayer.de\/wp-content\/uploads\/2016\/04\/celesta-no-1.jpg<\/span>\n\t\t\t\t\t\t<span itemprop='height'>960<\/span>\n\t\t\t\t\t\t<span itemprop='width'>900<\/span>\n\t\t\t\t<\/span>\n\t\t\t\t<span class='av-structured-data'  itemprop=\"publisher\" itemtype=\"https:\/\/schema.org\/Organization\" itemscope=\"itemscope\" >\n\t\t\t\t\t\t<span itemprop='name'>Celesta Schiedmayer<\/span>\n\t\t\t\t\t\t<span itemprop='logo' itemscope itemtype='https:\/\/schema.org\/ImageObject'>\n\t\t\t\t\t\t\t<span itemprop='url'>https:\/\/www.celesta-schiedmayer.de\/wp-content\/uploads\/2016\/04\/logo-schiedmayer.png<\/span>\n\t\t\t\t\t\t<\/span>\n\t\t\t\t<\/span><span class='av-structured-data'  itemprop=\"author\" itemscope=\"itemscope\" itemtype=\"https:\/\/schema.org\/Person\" ><span itemprop='name'>Celesta Schiedmayer<\/span><\/span><span class='av-structured-data'  itemprop=\"datePublished\" datetime=\"1999-07-31T20:00:51+02:00\" >1999-07-31 20:00:51<\/span><span class='av-structured-data'  itemprop=\"dateModified\" itemtype=\"https:\/\/schema.org\/dateModified\" >2016-04-26 14:42:34<\/span><span class='av-structured-data'  itemprop=\"mainEntityOfPage\" itemtype=\"https:\/\/schema.org\/mainEntityOfPage\" ><span itemprop='name'>2. Composition Competition for Celesta<\/span><\/span><\/span><\/article><article class=\"post-entry post-entry-type-standard post-entry-807 post-loop-3 post-parity-odd post-entry-last single-small with-slider post-807 post type-post status-publish format-standard has-post-thumbnail hentry category-international-celesta-composition-competitions\"  itemscope=\"itemscope\" itemtype=\"https:\/\/schema.org\/BlogPosting\" ><div class=\"blog-meta\"><a href='https:\/\/www.celesta-schiedmayer.de\/en\/international-celesta-composition-competitions\/1994\/' class='small-preview'  title=\"Celesta No 1\"   itemprop=\"image\" itemscope=\"itemscope\" itemtype=\"https:\/\/schema.org\/ImageObject\" ><img decoding=\"async\" loading=\"lazy\" width=\"180\" height=\"180\" src=\"https:\/\/www.celesta-schiedmayer.de\/wp-content\/uploads\/2016\/04\/celesta-no-1-180x180.jpg\" class=\"wp-image-658 avia-img-lazy-loading-658 attachment-square size-square wp-post-image\" alt=\"Celesta No 1\" srcset=\"https:\/\/www.celesta-schiedmayer.de\/wp-content\/uploads\/2016\/04\/celesta-no-1-180x180.jpg 180w, https:\/\/www.celesta-schiedmayer.de\/wp-content\/uploads\/2016\/04\/celesta-no-1-80x80.jpg 80w, https:\/\/www.celesta-schiedmayer.de\/wp-content\/uploads\/2016\/04\/celesta-no-1-36x36.jpg 36w, https:\/\/www.celesta-schiedmayer.de\/wp-content\/uploads\/2016\/04\/celesta-no-1-120x120.jpg 120w, https:\/\/www.celesta-schiedmayer.de\/wp-content\/uploads\/2016\/04\/celesta-no-1-450x450.jpg 450w\" sizes=\"auto, (max-width: 180px) 100vw, 180px\" \/><span class='iconfont avia-svg-icon avia-font-svg_entypo-fontello' data-av_svg_icon='pencil' data-av_iconset='svg_entypo-fontello' ><svg version=\"1.1\" xmlns=\"http:\/\/www.w3.org\/2000\/svg\" width=\"25\" height=\"32\" viewBox=\"0 0 25 32\" preserveAspectRatio=\"xMidYMid meet\" role=\"graphics-symbol\" aria-hidden=\"true\">\n<path d=\"M22.976 5.44q1.024 1.024 1.504 2.048t0.48 1.536v0.512l-8.064 8.064-9.28 9.216-7.616 1.664 1.6-7.68 9.28-9.216 8.064-8.064q1.728-0.384 4.032 1.92zM7.168 25.92l0.768-0.768q-0.064-1.408-1.664-3.008-0.704-0.704-1.44-1.12t-1.12-0.416l-0.448-0.064-0.704 0.768-0.576 2.56q0.896 0.512 1.472 1.088 0.768 0.768 1.152 1.536z\"><\/path>\n<\/svg><\/span><\/a><\/div><div class='entry-content-wrapper clearfix standard-content'><header class=\"entry-content-header\" aria-label=\"Post: 1. Composition Competition for Celesta\"><h2 class='post-title entry-title '  itemprop=\"headline\" ><a href=\"https:\/\/www.celesta-schiedmayer.de\/en\/international-celesta-composition-competitions\/1994\/\" rel=\"bookmark\" title=\"Permanent Link: 1. Composition Competition for Celesta\">1. Composition Competition for Celesta<span class=\"post-format-icon minor-meta\"><\/span><\/a><\/h2><span class=\"post-meta-infos\"><time class=\"date-container minor-meta updated\"  itemprop=\"datePublished\" datetime=\"1994-06-12T19:00:40+02:00\" >12. June 1994<\/time><span class=\"text-sep\">\/<\/span><span class=\"blog-categories minor-meta\">in <a href=\"https:\/\/www.celesta-schiedmayer.de\/en\/category\/international-celesta-composition-competitions\/\" rel=\"tag\">International Celesta composition competitions<\/a><\/span><span class=\"text-sep\">\/<\/span><span class=\"blog-author minor-meta\">by <span class=\"entry-author-link\"  itemprop=\"author\" ><span class=\"author\"><span class=\"fn\"><a href=\"https:\/\/www.celesta-schiedmayer.de\/en\/author\/schiedmayer\/\" title=\"Posts by Celesta Schiedmayer\" rel=\"author\">Celesta Schiedmayer<\/a><\/span><\/span><\/span><\/span><\/span><\/header><div class=\"entry-content\"  itemprop=\"text\" ><p>Die Preisverleihung fand am 12. Juni 1994 im Wilhelma Theater in Stuttgart anl\u00e4sslich des 185-j\u00e4hrigen Jubil\u00e4ums der Fa. Schiedmayer statt.<\/p>\n<div class=\"read-more-link\"><a href=\"https:\/\/www.celesta-schiedmayer.de\/en\/international-celesta-composition-competitions\/1994\/\" class=\"more-link\">Read more<span class='more-link-arrow avia-svg-icon avia-font-svg_entypo-fontello' data-av_svg_icon='right-open-big' data-av_iconset='svg_entypo-fontello'><svg version=\"1.1\" xmlns=\"http:\/\/www.w3.org\/2000\/svg\" width=\"15\" height=\"32\" viewBox=\"0 0 15 32\" preserveAspectRatio=\"xMidYMid meet\" role=\"graphics-symbol\" aria-hidden=\"true\">\n<path d=\"M0.416 27.84l11.456-11.84-11.456-11.904q-0.832-0.832 0-1.536 0.832-0.832 1.536 0l12.544 12.608q0.768 0.832 0 1.6l-12.544 12.608q-0.704 0.832-1.536 0-0.832-0.704 0-1.536z\"><\/path>\n<\/svg><\/span><\/a><\/div>\n<\/div><footer class=\"entry-footer\"><\/footer><div class='post_delimiter'><\/div><\/div><div class=\"post_author_timeline\"><\/div><span class='hidden'>\n\t\t\t\t<span class='av-structured-data'  itemprop=\"image\" itemscope=\"itemscope\" itemtype=\"https:\/\/schema.org\/ImageObject\" >\n\t\t\t\t\t\t<span itemprop='url'>https:\/\/www.celesta-schiedmayer.de\/wp-content\/uploads\/2016\/04\/celesta-no-1.jpg<\/span>\n\t\t\t\t\t\t<span itemprop='height'>960<\/span>\n\t\t\t\t\t\t<span itemprop='width'>900<\/span>\n\t\t\t\t<\/span>\n\t\t\t\t<span class='av-structured-data'  itemprop=\"publisher\" itemtype=\"https:\/\/schema.org\/Organization\" itemscope=\"itemscope\" >\n\t\t\t\t\t\t<span itemprop='name'>Celesta Schiedmayer<\/span>\n\t\t\t\t\t\t<span itemprop='logo' itemscope itemtype='https:\/\/schema.org\/ImageObject'>\n\t\t\t\t\t\t\t<span itemprop='url'>https:\/\/www.celesta-schiedmayer.de\/wp-content\/uploads\/2016\/04\/logo-schiedmayer.png<\/span>\n\t\t\t\t\t\t<\/span>\n\t\t\t\t<\/span><span class='av-structured-data'  itemprop=\"author\" itemscope=\"itemscope\" itemtype=\"https:\/\/schema.org\/Person\" ><span itemprop='name'>Celesta Schiedmayer<\/span><\/span><span class='av-structured-data'  itemprop=\"datePublished\" datetime=\"1994-06-12T19:00:40+02:00\" >1994-06-12 19:00:40<\/span><span class='av-structured-data'  itemprop=\"dateModified\" itemtype=\"https:\/\/schema.org\/dateModified\" >2016-04-26 14:42:13<\/span><span class='av-structured-data'  itemprop=\"mainEntityOfPage\" itemtype=\"https:\/\/schema.org\/mainEntityOfPage\" ><span itemprop='name'>1. Composition Competition for Celesta<\/span><\/span><\/span><\/article><div class='single-small'><\/div><\/div>\n","protected":false},"excerpt":{"rendered":"","protected":false},"author":1,"featured_media":0,"parent":1296,"menu_order":2,"comment_status":"closed","ping_status":"closed","template":"","meta":{"footnotes":""},"class_list":["post-1393","page","type-page","status-publish","hentry"],"aioseo_notices":[],"_links":{"self":[{"href":"https:\/\/www.celesta-schiedmayer.de\/en\/wp-json\/wp\/v2\/pages\/1393","targetHints":{"allow":["GET"]}}],"collection":[{"href":"https:\/\/www.celesta-schiedmayer.de\/en\/wp-json\/wp\/v2\/pages"}],"about":[{"href":"https:\/\/www.celesta-schiedmayer.de\/en\/wp-json\/wp\/v2\/types\/page"}],"author":[{"embeddable":true,"href":"https:\/\/www.celesta-schiedmayer.de\/en\/wp-json\/wp\/v2\/users\/1"}],"replies":[{"embeddable":true,"href":"https:\/\/www.celesta-schiedmayer.de\/en\/wp-json\/wp\/v2\/comments?post=1393"}],"version-history":[{"count":0,"href":"https:\/\/www.celesta-schiedmayer.de\/en\/wp-json\/wp\/v2\/pages\/1393\/revisions"}],"up":[{"embeddable":true,"href":"https:\/\/www.celesta-schiedmayer.de\/en\/wp-json\/wp\/v2\/pages\/1296"}],"wp:attachment":[{"href":"https:\/\/www.celesta-schiedmayer.de\/en\/wp-json\/wp\/v2\/media?parent=1393"}],"curies":[{"name":"wp","href":"https:\/\/api.w.org\/{rel}","templated":true}]}}